{"id":2823,"date":"2024-01-25T00:18:40","date_gmt":"2024-01-25T00:18:40","guid":{"rendered":"https:\/\/santoy.ma\/?page_id=2823"},"modified":"2024-03-01T16:24:33","modified_gmt":"2024-03-01T16:24:33","slug":"a-propos","status":"publish","type":"page","link":"https:\/\/santoy.ma\/index.php\/a-propos\/","title":{"rendered":"A propos"},"content":{"rendered":"\t\t<div data-elementor-type=\"wp-page\" data-elementor-id=\"2823\" class=\"elementor elementor-2823\">\n\t\t\t\t\t\t<section class=\"elementor-section elementor-top-section elementor-element elementor-element-a793a3e elementor-reverse-tablet elementor-reverse-mobile elementor-section-boxed elementor-section-height-default elementor-section-height-default\" data-id=\"a793a3e\" data-element_type=\"section\">\n\t\t\t\t\t\t<div class=\"elementor-container elementor-column-gap-no\">\n\t\t\t\t\t<div class=\"elementor-column elementor-col-100 elementor-top-column elementor-element elementor-element-593a2ac\" data-id=\"593a2ac\" data-element_type=\"column\" data-settings=\"{&quot;background_background&quot;:&quot;classic&quot;}\">\n\t\t\t<div class=\"elementor-widget-wrap elementor-element-populated\">\n\t\t\t\t\t<div class=\"elementor-background-overlay\"><\/div>\n\t\t\t\t\t\t<div class=\"elementor-element elementor-element-44c2dce elementor-widget elementor-widget-text-editor\" data-id=\"44c2dce\" data-element_type=\"widget\" data-widget_type=\"text-editor.default\">\n\t\t\t\t<div class=\"elementor-widget-container\">\n\t\t\t\t\t\t\t\t\t<p>Derri\u00e8re Santoy Distribution, il y a Fatim Zahra Ettalbi et Mohamed Ettalbi, une fratrie unie par une histoire passionnante d&#8217;audace, d&#8217;innovation et d&#8217;engagement envers l&#8217;excellence.<\/p><p>Avant la cr\u00e9ation de Santoy Distribution, Fatim Zahra a acquis 5 ans d&#8217;expertise en marketing au sein de marques internationales de renom. Dipl\u00f4m\u00e9e d&#8217;une \u00e9cole de commerce prestigieuse, elle a donn\u00e9 vie \u00e0 Santoy en 2011 par passion pour le monde de l\u2019Entrepreneuriat.<\/p><p>Compl\u00e9tant son expertise en marketing, son fr\u00e8re Mohamed, \u00e9galement dipl\u00f4m\u00e9 d\u2019une grande \u00e9cole de commerce, ayant b\u00e2ti une solide carri\u00e8re financi\u00e8re au sein d&#8217;une multinationale \u00e0 l\u2019\u00e9tranger, a rejoint l&#8217;aventure, apportant ainsi une dimension de gestion cruciale \u00e0 cette alliance unique.<br \/>Unissant leurs forces, cette fratrie a fa\u00e7onn\u00e9 une entreprise qui va au-del\u00e0 des simples transactions. <br \/>Chez Santoy Distribution, nous croyons en la puissance des principes solides et des valeurs humaines. Chaque produit que nous distribuons raconte l&#8217;histoire de notre engagement envers la qualit\u00e9 et le succ\u00e8s. Notre \u00e9quipe d\u00e9vou\u00e9e, men\u00e9e par ces esprits cr\u00e9atifs, repousse continuellement les limites pour offrir \u00e0 nos partenaires une exp\u00e9rience singuli\u00e8re.<\/p>\t\t\t\t\t\t\t\t<\/div>\n\t\t\t\t<\/div>\n\t\t\t\t<div class=\"elementor-element elementor-element-b536146 elementor-align-left elementor-widget elementor-widget-button\" data-id=\"b536146\" data-element_type=\"widget\" data-widget_type=\"button.default\">\n\t\t\t\t<div class=\"elementor-widget-container\">\n\t\t\t\t\t\t\t\t\t<div class=\"elementor-button-wrapper\">\n\t\t\t\t\t<a class=\"elementor-button elementor-size-md\" role=\"button\">\n\t\t\t\t\t\t<span class=\"elementor-button-content-wrapper\">\n\t\t\t\t\t\t\t\t\t<span class=\"elementor-button-text\">Devenir partenaire<\/span>\n\t\t\t\t\t<\/span>\n\t\t\t\t\t<\/a>\n\t\t\t\t<\/div>\n\t\t\t\t\t\t\t\t<\/div>\n\t\t\t\t<\/div>\n\t\t\t\t\t<\/div>\n\t\t<\/div>\n\t\t\t\t\t<\/div>\n\t\t<\/section>\n\t\t<div class=\"elementor-element elementor-element-bc77662 e-flex e-con-boxed e-con e-parent\" data-id=\"bc77662\" data-element_type=\"container\">\n\t\t\t\t\t<div class=\"e-con-inner\">\n\t\t\t\t<div class=\"elementor-element elementor-element-b00d292 elementor-widget elementor-widget-heading\" data-id=\"b00d292\" data-element_type=\"widget\" data-widget_type=\"heading.default\">\n\t\t\t\t<div class=\"elementor-widget-container\">\n\t\t\t\t\t<h3 class=\"elementor-heading-title elementor-size-default\">NOTRE RESEAU COMPTE PLUS DE 1500 PARTENAIRES<\/h3>\t\t\t\t<\/div>\n\t\t\t\t<\/div>\n\t\t\t\t<div class=\"elementor-element elementor-element-9079b8a elementor-widget elementor-widget-text-editor\" data-id=\"9079b8a\" data-element_type=\"widget\" data-widget_type=\"text-editor.default\">\n\t\t\t\t<div class=\"elementor-widget-container\">\n\t\t\t\t\t\t\t\t\t<p>En soutenant activement nos partenaires revendeurs dans la promotion de nos marques et en ajustant notre offre en fonction des tendances du march\u00e9, nous veillons \u00e0 ce que notre r\u00e9seau r\u00e9ponde continuellement aux attentes des publics. Qu&#8217;ils soient ind\u00e9pendants ou affili\u00e9s \u00e0 des enseignes, tous nos clients sont consid\u00e9r\u00e9s comme des partenaires, et la politique commerciale de Santoy est con\u00e7ue pour stimuler leur croissance et leur d\u00e9veloppement.<\/p>\t\t\t\t\t\t\t\t<\/div>\n\t\t\t\t<\/div>\n\t\t\t\t\t<\/div>\n\t\t\t\t<\/div>\n\t\t\t\t<\/div>\n\t\t","protected":false},"excerpt":{"rendered":"<p>Derri\u00e8re Santoy Distribution, il y a Fatim Zahra Ettalbi et Mohamed Ettalbi, une fratrie unie par une histoire passionnante d&#8217;audace, d&#8217;innovation et d&#8217;engagement envers l&#8217;excellence. Avant la cr\u00e9ation de Santoy Distribution, Fatim Zahra a acquis 5 ans d&#8217;expertise en marketing au sein de marques internationales de renom. Dipl\u00f4m\u00e9e d&#8217;une \u00e9cole de commerce prestigieuse, elle a [&hellip;]<\/p>\n","protected":false},"author":1,"featured_media":0,"parent":0,"menu_order":0,"comment_status":"closed","ping_status":"closed","template":"","meta":{"footnotes":""},"class_list":["post-2823","page","type-page","status-publish","hentry"],"blocksy_meta":[],"_links":{"self":[{"href":"https:\/\/santoy.ma\/index.php\/wp-json\/wp\/v2\/pages\/2823","targetHints":{"allow":["GET"]}}],"collection":[{"href":"https:\/\/santoy.ma\/index.php\/wp-json\/wp\/v2\/pages"}],"about":[{"href":"https:\/\/santoy.ma\/index.php\/wp-json\/wp\/v2\/types\/page"}],"author":[{"embeddable":true,"href":"https:\/\/santoy.ma\/index.php\/wp-json\/wp\/v2\/users\/1"}],"replies":[{"embeddable":true,"href":"https:\/\/santoy.ma\/index.php\/wp-json\/wp\/v2\/comments?post=2823"}],"version-history":[{"count":16,"href":"https:\/\/santoy.ma\/index.php\/wp-json\/wp\/v2\/pages\/2823\/revisions"}],"predecessor-version":[{"id":2956,"href":"https:\/\/santoy.ma\/index.php\/wp-json\/wp\/v2\/pages\/2823\/revisions\/2956"}],"wp:attachment":[{"href":"https:\/\/santoy.ma\/index.php\/wp-json\/wp\/v2\/media?parent=2823"}],"curies":[{"name":"wp","href":"https:\/\/api.w.org\/{rel}","templated":true}]}}