{"id":2830,"date":"2024-01-25T00:49:52","date_gmt":"2024-01-25T00:49:52","guid":{"rendered":"https:\/\/santoy.ma\/?page_id=2830"},"modified":"2024-02-26T22:40:07","modified_gmt":"2024-02-26T22:40:07","slug":"nos-univers-2","status":"publish","type":"page","link":"https:\/\/santoy.ma\/index.php\/nos-univers-2\/","title":{"rendered":"Nos univers"},"content":{"rendered":"\t\t<div data-elementor-type=\"wp-page\" data-elementor-id=\"2830\" class=\"elementor elementor-2830\">\n\t\t\t\t<div class=\"elementor-element elementor-element-231dfad e-flex e-con-boxed e-con e-parent\" data-id=\"231dfad\" data-element_type=\"container\" id=\"cosmetique\">\n\t\t\t\t\t<div class=\"e-con-inner\">\n\t\t\t\t<div class=\"elementor-element elementor-element-04434d0 elementor-widget elementor-widget-heading\" data-id=\"04434d0\" data-element_type=\"widget\" data-widget_type=\"heading.default\">\n\t\t\t\t<div class=\"elementor-widget-container\">\n\t\t\t\t\t<h2 class=\"elementor-heading-title elementor-size-default\">COSMETIQUE<\/h2>\t\t\t\t<\/div>\n\t\t\t\t<\/div>\n\t\t\t\t<div class=\"elementor-element elementor-element-a3b3415 elementor-widget elementor-widget-text-editor\" data-id=\"a3b3415\" data-element_type=\"widget\" data-widget_type=\"text-editor.default\">\n\t\t\t\t<div class=\"elementor-widget-container\">\n\t\t\t\t\t\t\t\t\t<p><em>\u00ab Offrir des produits cosm\u00e9tiques de qualit\u00e9, \u00e0 votre image, parfaitement adapt\u00e9s \u00e0 vos besoins et respectueux de la nature, telle est notre vocation \u00bb<\/em><\/p><p><strong>Fatim-Zahra Ettalbi<\/strong><br \/>CEO Santoy<\/p><p><br \/>Fort d\u2019une exp\u00e9rience de plus de 12 ans dans le domaine du Retail, Santoy offre \u00e0 ses clients un large \u00e9ventail de plus de 15 000 produits cosm\u00e9tiques de grandes marques \u00e0 des prix comp\u00e9titifs. Santoy se distingue par son vaste choix de produits de qualit\u00e9, accompagn\u00e9 d&#8217;un conseil expert, garantissant des conseils personnalis\u00e9s gr\u00e2ce \u00e0 une \u00e9quipe r\u00e9guli\u00e8rement form\u00e9e.<br \/>Son engagement se traduit par la proposition de produits exclusifs et respectueux de l&#8217;environnement, con\u00e7us en collaboration avec les clients pour renforcer leur rentabilit\u00e9 et performance.<br \/>Une collection exceptionnelle de produits haut de gamme est propos\u00e9e, en totale conformit\u00e9 avec les r\u00e9glementations cosm\u00e9tiques.<\/p>\t\t\t\t\t\t\t\t<\/div>\n\t\t\t\t<\/div>\n\t\t\t\t<div class=\"elementor-element elementor-element-df7502d elementor-align-center elementor-widget elementor-widget-button\" data-id=\"df7502d\" data-element_type=\"widget\" data-widget_type=\"button.default\">\n\t\t\t\t<div class=\"elementor-widget-container\">\n\t\t\t\t\t\t\t\t\t<div class=\"elementor-button-wrapper\">\n\t\t\t\t\t<a class=\"elementor-button elementor-button-link elementor-size-md\" href=\"https:\/\/santoy.ma\/index.php\/nos-marques\/\">\n\t\t\t\t\t\t<span class=\"elementor-button-content-wrapper\">\n\t\t\t\t\t\t\t\t\t<span class=\"elementor-button-text\">D\u00e9couvrez nos marques cosm\u00e9tiques<\/span>\n\t\t\t\t\t<\/span>\n\t\t\t\t\t<\/a>\n\t\t\t\t<\/div>\n\t\t\t\t\t\t\t\t<\/div>\n\t\t\t\t<\/div>\n\t\t\t\t\t<\/div>\n\t\t\t\t<\/div>\n\t\t<div class=\"elementor-element elementor-element-2d7f05f e-flex e-con-boxed e-con e-parent\" data-id=\"2d7f05f\" data-element_type=\"container\" id=\"lifestyle\" data-settings=\"{&quot;background_background&quot;:&quot;classic&quot;,&quot;shape_divider_bottom&quot;:&quot;opacity-tilt&quot;}\">\n\t\t\t\t\t<div class=\"e-con-inner\">\n\t\t\t\t<div class=\"elementor-shape elementor-shape-bottom\" data-negative=\"false\">\n\t\t\t<svg xmlns=\"http:\/\/www.w3.org\/2000\/svg\" viewBox=\"0 0 2600 131.1\" preserveAspectRatio=\"none\">\n\t<path class=\"elementor-shape-fill\" d=\"M0 0L2600 0 2600 69.1 0 0z\"\/>\n\t<path class=\"elementor-shape-fill\" style=\"opacity:0.5\" d=\"M0 0L2600 0 2600 69.1 0 69.1z\"\/>\n\t<path class=\"elementor-shape-fill\" style=\"opacity:0.25\" d=\"M2600 0L0 0 0 130.1 2600 69.1z\"\/>\n<\/svg>\t\t<\/div>\n\t\t\t\t<div class=\"elementor-element elementor-element-cb0e0c5 elementor-widget elementor-widget-heading\" data-id=\"cb0e0c5\" data-element_type=\"widget\" data-widget_type=\"heading.default\">\n\t\t\t\t<div class=\"elementor-widget-container\">\n\t\t\t\t\t<h2 class=\"elementor-heading-title elementor-size-default\">LIFESTYLE MAROCAIN<\/h2>\t\t\t\t<\/div>\n\t\t\t\t<\/div>\n\t\t\t\t<div class=\"elementor-element elementor-element-77dcdf2 elementor-widget elementor-widget-text-editor\" data-id=\"77dcdf2\" data-element_type=\"widget\" data-widget_type=\"text-editor.default\">\n\t\t\t\t<div class=\"elementor-widget-container\">\n\t\t\t\t\t\t\t\t\t<p>Santoy revisite avec passion le Lifestyle marocain \u00e0 travers sa marque embl\u00e9matique, Za\u00efn. Depuis sa cr\u00e9ation en 2014, Za\u00efn incarne l&#8217;essence m\u00eame du Maroc, proposant une gamme vari\u00e9e d&#8217;articles Lifestyle, du pr\u00eat-\u00e0-porter aux accessoires, en passant par les sacs, les gifts et les goodies, tous impr\u00e9gn\u00e9s de la riche culture marocaine.<br \/>Santoy s&#8217;engage fervemment \u00e0 promouvoir cette richesse \u00e0 l&#8217;\u00e9chelle internationale, arborant fi\u00e8rement le label &#8220;Made in Morocco&#8221;. Za\u00efn offre \u00e0 une client\u00e8le aussi bien \u00e9trang\u00e8re que locale, des produits d&#8217;une qualit\u00e9 exceptionnelle, mettant en avant le talent unique des artisans marocains. <br \/>Ce partenariat fructueux donne aux artisans l&#8217;opportunit\u00e9 de quitter le travail informel pour travailler dans des conditions optimales.<br \/>Santoy tire sa v\u00e9ritable force de sa capacit\u00e9 \u00e0 anticiper les nouvelles tendances, \u00e0 r\u00e9fl\u00e9chir en amont aux th\u00e8mes et \u00e0 l&#8217;identit\u00e9 des prochaines collections de Za\u00efn. Chaque saison est un rendez-vous o\u00f9 nous vous d\u00e9voilons les pi\u00e8ces les plus exquises, tout en restant fid\u00e8les \u00e0 nos valeurs fondatrices.<br \/>Plongez dans cette aventure o\u00f9 passion, authenticit\u00e9 et artisanat marocain se conjuguent pour cr\u00e9er un Lifestyle unique, incarn\u00e9 par la marque Za\u00efn.<\/p>\t\t\t\t\t\t\t\t<\/div>\n\t\t\t\t<\/div>\n\t\t\t\t<div class=\"elementor-element elementor-element-77b6c4b elementor-align-center elementor-widget elementor-widget-button\" data-id=\"77b6c4b\" data-element_type=\"widget\" data-widget_type=\"button.default\">\n\t\t\t\t<div class=\"elementor-widget-container\">\n\t\t\t\t\t\t\t\t\t<div class=\"elementor-button-wrapper\">\n\t\t\t\t\t<a class=\"elementor-button elementor-button-link elementor-size-md\" href=\"https:\/\/santoy.ma\/index.php\/nos-marques\/\">\n\t\t\t\t\t\t<span class=\"elementor-button-content-wrapper\">\n\t\t\t\t\t\t\t\t\t<span class=\"elementor-button-text\">D\u00e9couvrez nos marques lifestyle marocain<\/span>\n\t\t\t\t\t<\/span>\n\t\t\t\t\t<\/a>\n\t\t\t\t<\/div>\n\t\t\t\t\t\t\t\t<\/div>\n\t\t\t\t<\/div>\n\t\t\t\t\t<\/div>\n\t\t\t\t<\/div>\n\t\t<div class=\"elementor-element elementor-element-205054d e-flex e-con-boxed e-con e-parent\" data-id=\"205054d\" data-element_type=\"container\" id=\"cadeaux_enfants\">\n\t\t\t\t\t<div class=\"e-con-inner\">\n\t\t\t\t<div class=\"elementor-element elementor-element-d83a642 elementor-widget elementor-widget-heading\" data-id=\"d83a642\" data-element_type=\"widget\" data-widget_type=\"heading.default\">\n\t\t\t\t<div class=\"elementor-widget-container\">\n\t\t\t\t\t<h2 class=\"elementor-heading-title elementor-size-default\">KIDS GIFTWARE<\/h2>\t\t\t\t<\/div>\n\t\t\t\t<\/div>\n\t\t\t\t<div class=\"elementor-element elementor-element-1bd619c elementor-widget elementor-widget-text-editor\" data-id=\"1bd619c\" data-element_type=\"widget\" data-widget_type=\"text-editor.default\">\n\t\t\t\t<div class=\"elementor-widget-container\">\n\t\t\t\t\t\t\t\t\t<p>Plongez dans notre assortiment de cadeaux con\u00e7u sp\u00e9cifiquement pour les enfants ! Notre gamme comprend une vari\u00e9t\u00e9 de jouets \u00e9ducatifs qui stimulent l&#8217;apprentissage, des jeux divertissants qui favorisent le d\u00e9veloppement, des peluches d&#8217;une tendresse in\u00e9gal\u00e9e et bien d&#8217;autres articles adapt\u00e9s aux besoins des plus jeunes. Nous mettons \u00e0 disposition des magasins une s\u00e9lection soigneusement choisie pour \u00e9merveiller les enfants et r\u00e9pondre aux attentes des parents. Offrez \u00e0 votre client\u00e8le une exp\u00e9rience d&#8217;achat compl\u00e8te en proposant nos cadeaux ludiques et \u00e9ducatifs.<\/p>\t\t\t\t\t\t\t\t<\/div>\n\t\t\t\t<\/div>\n\t\t\t\t<div class=\"elementor-element elementor-element-0ccba3f elementor-align-center elementor-widget elementor-widget-button\" data-id=\"0ccba3f\" data-element_type=\"widget\" data-widget_type=\"button.default\">\n\t\t\t\t<div class=\"elementor-widget-container\">\n\t\t\t\t\t\t\t\t\t<div class=\"elementor-button-wrapper\">\n\t\t\t\t\t<a class=\"elementor-button elementor-button-link elementor-size-md\" href=\"https:\/\/santoy.ma\/index.php\/nos-marques\/\">\n\t\t\t\t\t\t<span class=\"elementor-button-content-wrapper\">\n\t\t\t\t\t\t\t\t\t<span class=\"elementor-button-text\">D\u00e9couvrez nos marques pour enfants<\/span>\n\t\t\t\t\t<\/span>\n\t\t\t\t\t<\/a>\n\t\t\t\t<\/div>\n\t\t\t\t\t\t\t\t<\/div>\n\t\t\t\t<\/div>\n\t\t\t\t\t<\/div>\n\t\t\t\t<\/div>\n\t\t\t\t<\/div>\n\t\t","protected":false},"excerpt":{"rendered":"<p>COSMETIQUE \u00ab Offrir des produits cosm\u00e9tiques de qualit\u00e9, \u00e0 votre image, parfaitement adapt\u00e9s \u00e0 vos besoins et respectueux de la nature, telle est notre vocation \u00bb Fatim-Zahra EttalbiCEO Santoy Fort d\u2019une exp\u00e9rience de plus de 12 ans dans le domaine du Retail, Santoy offre \u00e0 ses clients un large \u00e9ventail de plus de 15 000 [&hellip;]<\/p>\n","protected":false},"author":1,"featured_media":0,"parent":0,"menu_order":0,"comment_status":"closed","ping_status":"closed","template":"","meta":{"footnotes":""},"class_list":["post-2830","page","type-page","status-publish","hentry"],"blocksy_meta":[],"_links":{"self":[{"href":"https:\/\/santoy.ma\/index.php\/wp-json\/wp\/v2\/pages\/2830","targetHints":{"allow":["GET"]}}],"collection":[{"href":"https:\/\/santoy.ma\/index.php\/wp-json\/wp\/v2\/pages"}],"about":[{"href":"https:\/\/santoy.ma\/index.php\/wp-json\/wp\/v2\/types\/page"}],"author":[{"embeddable":true,"href":"https:\/\/santoy.ma\/index.php\/wp-json\/wp\/v2\/users\/1"}],"replies":[{"embeddable":true,"href":"https:\/\/santoy.ma\/index.php\/wp-json\/wp\/v2\/comments?post=2830"}],"version-history":[{"count":22,"href":"https:\/\/santoy.ma\/index.php\/wp-json\/wp\/v2\/pages\/2830\/revisions"}],"predecessor-version":[{"id":2953,"href":"https:\/\/santoy.ma\/index.php\/wp-json\/wp\/v2\/pages\/2830\/revisions\/2953"}],"wp:attachment":[{"href":"https:\/\/santoy.ma\/index.php\/wp-json\/wp\/v2\/media?parent=2830"}],"curies":[{"name":"wp","href":"https:\/\/api.w.org\/{rel}","templated":true}]}}